{"id":10642,"date":"2023-08-28T10:35:15","date_gmt":"2023-08-28T14:35:15","guid":{"rendered":"https:\/\/www.ambra.education\/?page_id=10642"},"modified":"2023-08-28T10:36:56","modified_gmt":"2023-08-28T14:36:56","slug":"curso-online-imigracao-segura-aguardando-confirmacao-typ","status":"publish","type":"page","link":"https:\/\/www.ambra.education\/en\/curso-online-imigracao-segura-aguardando-confirmacao-typ\/","title":{"rendered":"Curso online imigra\u00e7\u00e3o segura aguardando confirma\u00e7\u00e3o typ"},"content":{"rendered":"<div data-elementor-type=\"wp-page\" data-elementor-id=\"10642\" data-post-id=\"10642\" data-obj-id=\"10642\" class=\"elementor elementor-10642 dce-elementor-post-10642\" data-elementor-post-type=\"page\">\n\t\t\t\t<div class=\"elementor-element elementor-element-0bdb931 e-con-full e-flex e-con e-parent\" data-id=\"0bdb931\" data-element_type=\"container\">\n\t\t<div class=\"elementor-element elementor-element-39d7784 e-con-full e-flex e-con e-parent\" data-id=\"39d7784\" data-element_type=\"container\">\n\t\t<div class=\"elementor-element elementor-element-b0997be e-con-full e-flex e-con e-parent\" data-id=\"b0997be\" data-element_type=\"container\">\n\t\t\t\t<div class=\"elementor-element elementor-element-bff7de6 elementor-widget elementor-widget-image\" data-id=\"bff7de6\" data-element_type=\"widget\" data-widget_type=\"image.default\">\n\t\t\t\t<div class=\"elementor-widget-container\">\n\t\t\t\t\t\t\t\t\t\t\t\t\t\t\t<img decoding=\"async\" width=\"250\" height=\"114\" src=\"https:\/\/www.ambra.education\/wp-content\/uploads\/2023\/08\/Shield-Imigracao-segura-250-e1673325602867.png\" class=\"attachment-large size-large wp-image-10632\" alt=\"\" srcset=\"https:\/\/www.ambra.education\/wp-content\/uploads\/2023\/08\/Shield-Imigracao-segura-250-e1673325602867.png 250w, https:\/\/www.ambra.education\/wp-content\/uploads\/2023\/08\/Shield-Imigracao-segura-250-e1673325602867-18x8.png 18w\" sizes=\"(max-width: 250px) 100vw, 250px\" \/>\t\t\t\t\t\t\t\t\t\t\t\t\t\t\t<\/div>\n\t\t\t\t<\/div>\n\t\t\t\t<\/div>\n\t\t\t\t<\/div>\n\t\t\t\t<\/div>\n\t\t<div class=\"elementor-element elementor-element-cbaeb86 e-con-full e-flex e-con e-parent\" data-id=\"cbaeb86\" data-element_type=\"container\">\n\t\t<div data-dce-background-color=\"#FCFDFF\" class=\"elementor-element elementor-element-b6fc0b4 e-con-full e-flex e-con e-parent\" data-id=\"b6fc0b4\" data-element_type=\"container\" data-settings=\"{&quot;background_background&quot;:&quot;gradient&quot;}\">\n\t\t\t\t<div class=\"elementor-element elementor-element-f42df9a elementor-widget elementor-widget-heading\" data-id=\"f42df9a\" data-element_type=\"widget\" data-widget_type=\"heading.default\">\n\t\t\t\t<div class=\"elementor-widget-container\">\n\t\t\t\t\t<h2 class=\"elementor-heading-title elementor-size-default\">Aguardando confirma\u00e7\u00e3o<\/h2>\t\t\t\t<\/div>\n\t\t\t\t<\/div>\n\t\t\t\t<div class=\"elementor-element elementor-element-115994a elementor-widget elementor-widget-text-editor\" data-id=\"115994a\" data-element_type=\"widget\" data-widget_type=\"text-editor.default\">\n\t\t\t\t<div class=\"elementor-widget-container\">\n\t\t\t\t\t\t\t\t\t<p>O sonho de imigrar para os EUA com seguran\u00e7a e estabilidade est\u00e1 mais pr\u00f3ximo do que voc\u00ea imagina!\u00a0<\/p><p>O boleto para confirma\u00e7\u00e3o de compra j\u00e1 foi enviado para a sua caixa de email. Assim que recebermos a confirma\u00e7\u00e3o de pagamento, enviaremos instru\u00e7\u00f5es para acesso ao curso.<\/p><p>N\u00e3o perca a oportunidade de\u00a0 aprender com pessoas que j\u00e1 viveram essa experi\u00eancia e hoje residem nos Estados Unidos<\/p>\t\t\t\t\t\t\t\t<\/div>\n\t\t\t\t<\/div>\n\t\t\t\t<\/div>\n\t\t\t\t<\/div>\n\t\t<div class=\"elementor-element elementor-element-1cc697b e-con-full e-flex e-con e-parent\" data-id=\"1cc697b\" data-element_type=\"container\">\n\t\t<div data-dce-background-color=\"#C2C5D5\" class=\"elementor-element elementor-element-cdaa836 e-con-full e-flex e-con e-parent\" data-id=\"cdaa836\" data-element_type=\"container\" data-settings=\"{&quot;background_background&quot;:&quot;classic&quot;}\">\n\t\t\t\t<div class=\"elementor-element elementor-element-b4448b1 elementor-widget elementor-widget-image\" data-id=\"b4448b1\" data-element_type=\"widget\" data-widget_type=\"image.default\">\n\t\t\t\t<div class=\"elementor-widget-container\">\n\t\t\t\t\t\t\t\t\t\t\t\t\t\t\t<img fetchpriority=\"high\" decoding=\"async\" width=\"640\" height=\"247\" src=\"https:\/\/www.ambra.education\/wp-content\/uploads\/2023\/08\/Logo-Ambra-Horizontal-White-600dpi-1024x395.png\" class=\"attachment-large size-large wp-image-10633\" alt=\"\" srcset=\"https:\/\/www.ambra.education\/wp-content\/uploads\/2023\/08\/Logo-Ambra-Horizontal-White-600dpi-1024x395.png 1024w, https:\/\/www.ambra.education\/wp-content\/uploads\/2023\/08\/Logo-Ambra-Horizontal-White-600dpi-300x116.png 300w, https:\/\/www.ambra.education\/wp-content\/uploads\/2023\/08\/Logo-Ambra-Horizontal-White-600dpi-768x296.png 768w, https:\/\/www.ambra.education\/wp-content\/uploads\/2023\/08\/Logo-Ambra-Horizontal-White-600dpi-1536x592.png 1536w, https:\/\/www.ambra.education\/wp-content\/uploads\/2023\/08\/Logo-Ambra-Horizontal-White-600dpi-2048x789.png 2048w, https:\/\/www.ambra.education\/wp-content\/uploads\/2023\/08\/Logo-Ambra-Horizontal-White-600dpi-18x7.png 18w\" sizes=\"(max-width: 640px) 100vw, 640px\" \/>\t\t\t\t\t\t\t\t\t\t\t\t\t\t\t<\/div>\n\t\t\t\t<\/div>\n\t\t\t\t<\/div>\n\t\t\t\t<\/div>\n\t\t\t\t<\/div>","protected":false},"excerpt":{"rendered":"<p>Aguardando confirma\u00e7\u00e3o O sonho de imigrar para os EUA com seguran\u00e7a e estabilidade est\u00e1 mais [&hellip;]<\/p>","protected":false},"author":5,"featured_media":10637,"parent":0,"menu_order":0,"comment_status":"closed","ping_status":"closed","template":"elementor_canvas","meta":{"content-type":"","footnotes":""},"wf_page_folders":[21],"class_list":["post-10642","page","type-page","status-publish","has-post-thumbnail","hentry"],"yoast_head":"<!-- This site is optimized with the Yoast SEO plugin v26.2 - https:\/\/yoast.com\/wordpress\/plugins\/seo\/ -->\n<title>Curso online imigra\u00e7\u00e3o segura aguardando confirma\u00e7\u00e3o typ - Ambra University<\/title>\n<meta name=\"robots\" content=\"index, follow, max-snippet:-1, max-image-preview:large, max-video-preview:-1\" \/>\n<link rel=\"canonical\" href=\"https:\/\/www.ambra.education\/en\/curso-online-imigracao-segura-aguardando-confirmacao-typ\/\" \/>\n<meta property=\"og:locale\" content=\"en_US\" \/>\n<meta property=\"og:type\" content=\"article\" \/>\n<meta property=\"og:title\" content=\"Curso online imigra\u00e7\u00e3o segura aguardando confirma\u00e7\u00e3o typ - Ambra University\" \/>\n<meta property=\"og:description\" content=\"Aguardando confirma\u00e7\u00e3o O sonho de imigrar para os EUA com seguran\u00e7a e estabilidade est\u00e1 mais [&hellip;]\" \/>\n<meta property=\"og:url\" content=\"https:\/\/www.ambra.education\/en\/curso-online-imigracao-segura-aguardando-confirmacao-typ\/\" \/>\n<meta property=\"og:site_name\" content=\"Ambra University\" \/>\n<meta property=\"article:publisher\" content=\"https:\/\/www.facebook.com\/ambrauniversity\/\" \/>\n<meta property=\"article:modified_time\" content=\"2023-08-28T14:36:56+00:00\" \/>\n<meta property=\"og:image\" content=\"https:\/\/www.ambra.education\/wp-content\/uploads\/2023\/08\/MicrosoftTeams-image-50.png\" \/>\n\t<meta property=\"og:image:width\" content=\"1200\" \/>\n\t<meta property=\"og:image:height\" content=\"628\" \/>\n\t<meta property=\"og:image:type\" content=\"image\/png\" \/>\n<meta name=\"twitter:card\" content=\"summary_large_image\" \/>\n<meta name=\"twitter:site\" content=\"@ambrauniversity\" \/>\n<meta name=\"twitter:label1\" content=\"Est. reading time\" \/>\n\t<meta name=\"twitter:data1\" content=\"1 minute\" \/>\n<script type=\"application\/ld+json\" class=\"yoast-schema-graph\">{\"@context\":\"https:\/\/schema.org\",\"@graph\":[{\"@type\":\"WebPage\",\"@id\":\"https:\/\/www.ambra.education\/curso-online-imigracao-segura-aguardando-confirmacao-typ\/\",\"url\":\"https:\/\/www.ambra.education\/curso-online-imigracao-segura-aguardando-confirmacao-typ\/\",\"name\":\"Curso online imigra\u00e7\u00e3o segura aguardando confirma\u00e7\u00e3o typ - Ambra University\",\"isPartOf\":{\"@id\":\"https:\/\/www.ambra.education\/#website\"},\"primaryImageOfPage\":{\"@id\":\"https:\/\/www.ambra.education\/curso-online-imigracao-segura-aguardando-confirmacao-typ\/#primaryimage\"},\"image\":{\"@id\":\"https:\/\/www.ambra.education\/curso-online-imigracao-segura-aguardando-confirmacao-typ\/#primaryimage\"},\"thumbnailUrl\":\"https:\/\/www.ambra.education\/wp-content\/uploads\/2023\/08\/MicrosoftTeams-image-50.png\",\"datePublished\":\"2023-08-28T14:35:15+00:00\",\"dateModified\":\"2023-08-28T14:36:56+00:00\",\"breadcrumb\":{\"@id\":\"https:\/\/www.ambra.education\/curso-online-imigracao-segura-aguardando-confirmacao-typ\/#breadcrumb\"},\"inLanguage\":\"en-US\",\"potentialAction\":[{\"@type\":\"ReadAction\",\"target\":[\"https:\/\/www.ambra.education\/curso-online-imigracao-segura-aguardando-confirmacao-typ\/\"]}]},{\"@type\":\"ImageObject\",\"inLanguage\":\"en-US\",\"@id\":\"https:\/\/www.ambra.education\/curso-online-imigracao-segura-aguardando-confirmacao-typ\/#primaryimage\",\"url\":\"https:\/\/www.ambra.education\/wp-content\/uploads\/2023\/08\/MicrosoftTeams-image-50.png\",\"contentUrl\":\"https:\/\/www.ambra.education\/wp-content\/uploads\/2023\/08\/MicrosoftTeams-image-50.png\",\"width\":1200,\"height\":628},{\"@type\":\"BreadcrumbList\",\"@id\":\"https:\/\/www.ambra.education\/curso-online-imigracao-segura-aguardando-confirmacao-typ\/#breadcrumb\",\"itemListElement\":[{\"@type\":\"ListItem\",\"position\":1,\"name\":\"Home\",\"item\":\"https:\/\/www.ambra.education\/\"},{\"@type\":\"ListItem\",\"position\":2,\"name\":\"Curso online imigra\u00e7\u00e3o segura aguardando confirma\u00e7\u00e3o typ\"}]},{\"@type\":\"WebSite\",\"@id\":\"https:\/\/www.ambra.education\/#website\",\"url\":\"https:\/\/www.ambra.education\/\",\"name\":\"Ambra University\",\"description\":\"Voc\u00ea em seu pleno potencial intelectual e profissional\",\"publisher\":{\"@id\":\"https:\/\/www.ambra.education\/#organization\"},\"potentialAction\":[{\"@type\":\"SearchAction\",\"target\":{\"@type\":\"EntryPoint\",\"urlTemplate\":\"https:\/\/www.ambra.education\/?s={search_term_string}\"},\"query-input\":{\"@type\":\"PropertyValueSpecification\",\"valueRequired\":true,\"valueName\":\"search_term_string\"}}],\"inLanguage\":\"en-US\"},{\"@type\":\"Organization\",\"@id\":\"https:\/\/www.ambra.education\/#organization\",\"name\":\"Ambra University\",\"url\":\"https:\/\/www.ambra.education\/\",\"logo\":{\"@type\":\"ImageObject\",\"inLanguage\":\"en-US\",\"@id\":\"https:\/\/www.ambra.education\/#\/schema\/logo\/image\/\",\"url\":\"https:\/\/www.ambra.education\/wp-content\/uploads\/2020\/09\/logo_site.png\",\"contentUrl\":\"https:\/\/www.ambra.education\/wp-content\/uploads\/2020\/09\/logo_site.png\",\"width\":305,\"height\":117,\"caption\":\"Ambra University\"},\"image\":{\"@id\":\"https:\/\/www.ambra.education\/#\/schema\/logo\/image\/\"},\"sameAs\":[\"https:\/\/www.facebook.com\/ambrauniversity\/\",\"https:\/\/x.com\/ambrauniversity\",\"https:\/\/www.instagram.com\/ambra.education\/\",\"https:\/\/www.linkedin.com\/school\/ambrauniversity\/\",\"https:\/\/www.youtube.com\/ambrauniversity\"]}]}<\/script>\n<!-- \/ Yoast SEO plugin. -->","yoast_head_json":{"title":"Curso online imigra\u00e7\u00e3o segura aguardando confirma\u00e7\u00e3o typ - Ambra University","robots":{"index":"index","follow":"follow","max-snippet":"max-snippet:-1","max-image-preview":"max-image-preview:large","max-video-preview":"max-video-preview:-1"},"canonical":"https:\/\/www.ambra.education\/en\/curso-online-imigracao-segura-aguardando-confirmacao-typ\/","og_locale":"en_US","og_type":"article","og_title":"Curso online imigra\u00e7\u00e3o segura aguardando confirma\u00e7\u00e3o typ - Ambra University","og_description":"Aguardando confirma\u00e7\u00e3o O sonho de imigrar para os EUA com seguran\u00e7a e estabilidade est\u00e1 mais [&hellip;]","og_url":"https:\/\/www.ambra.education\/en\/curso-online-imigracao-segura-aguardando-confirmacao-typ\/","og_site_name":"Ambra University","article_publisher":"https:\/\/www.facebook.com\/ambrauniversity\/","article_modified_time":"2023-08-28T14:36:56+00:00","og_image":[{"width":1200,"height":628,"url":"https:\/\/www.ambra.education\/wp-content\/uploads\/2023\/08\/MicrosoftTeams-image-50.png","type":"image\/png"}],"twitter_card":"summary_large_image","twitter_site":"@ambrauniversity","twitter_misc":{"Est. reading time":"1 minute"},"schema":{"@context":"https:\/\/schema.org","@graph":[{"@type":"WebPage","@id":"https:\/\/www.ambra.education\/curso-online-imigracao-segura-aguardando-confirmacao-typ\/","url":"https:\/\/www.ambra.education\/curso-online-imigracao-segura-aguardando-confirmacao-typ\/","name":"Curso online imigra\u00e7\u00e3o segura aguardando confirma\u00e7\u00e3o typ - Ambra University","isPartOf":{"@id":"https:\/\/www.ambra.education\/#website"},"primaryImageOfPage":{"@id":"https:\/\/www.ambra.education\/curso-online-imigracao-segura-aguardando-confirmacao-typ\/#primaryimage"},"image":{"@id":"https:\/\/www.ambra.education\/curso-online-imigracao-segura-aguardando-confirmacao-typ\/#primaryimage"},"thumbnailUrl":"https:\/\/www.ambra.education\/wp-content\/uploads\/2023\/08\/MicrosoftTeams-image-50.png","datePublished":"2023-08-28T14:35:15+00:00","dateModified":"2023-08-28T14:36:56+00:00","breadcrumb":{"@id":"https:\/\/www.ambra.education\/curso-online-imigracao-segura-aguardando-confirmacao-typ\/#breadcrumb"},"inLanguage":"en-US","potentialAction":[{"@type":"ReadAction","target":["https:\/\/www.ambra.education\/curso-online-imigracao-segura-aguardando-confirmacao-typ\/"]}]},{"@type":"ImageObject","inLanguage":"en-US","@id":"https:\/\/www.ambra.education\/curso-online-imigracao-segura-aguardando-confirmacao-typ\/#primaryimage","url":"https:\/\/www.ambra.education\/wp-content\/uploads\/2023\/08\/MicrosoftTeams-image-50.png","contentUrl":"https:\/\/www.ambra.education\/wp-content\/uploads\/2023\/08\/MicrosoftTeams-image-50.png","width":1200,"height":628},{"@type":"BreadcrumbList","@id":"https:\/\/www.ambra.education\/curso-online-imigracao-segura-aguardando-confirmacao-typ\/#breadcrumb","itemListElement":[{"@type":"ListItem","position":1,"name":"Home","item":"https:\/\/www.ambra.education\/"},{"@type":"ListItem","position":2,"name":"Curso online imigra\u00e7\u00e3o segura aguardando confirma\u00e7\u00e3o typ"}]},{"@type":"WebSite","@id":"https:\/\/www.ambra.education\/#website","url":"https:\/\/www.ambra.education\/","name":"Ambra University","description":"Voc\u00ea em seu pleno potencial intelectual e profissional","publisher":{"@id":"https:\/\/www.ambra.education\/#organization"},"potentialAction":[{"@type":"SearchAction","target":{"@type":"EntryPoint","urlTemplate":"https:\/\/www.ambra.education\/?s={search_term_string}"},"query-input":{"@type":"PropertyValueSpecification","valueRequired":true,"valueName":"search_term_string"}}],"inLanguage":"en-US"},{"@type":"Organization","@id":"https:\/\/www.ambra.education\/#organization","name":"Ambra University","url":"https:\/\/www.ambra.education\/","logo":{"@type":"ImageObject","inLanguage":"en-US","@id":"https:\/\/www.ambra.education\/#\/schema\/logo\/image\/","url":"https:\/\/www.ambra.education\/wp-content\/uploads\/2020\/09\/logo_site.png","contentUrl":"https:\/\/www.ambra.education\/wp-content\/uploads\/2020\/09\/logo_site.png","width":305,"height":117,"caption":"Ambra University"},"image":{"@id":"https:\/\/www.ambra.education\/#\/schema\/logo\/image\/"},"sameAs":["https:\/\/www.facebook.com\/ambrauniversity\/","https:\/\/x.com\/ambrauniversity","https:\/\/www.instagram.com\/ambra.education\/","https:\/\/www.linkedin.com\/school\/ambrauniversity\/","https:\/\/www.youtube.com\/ambrauniversity"]}]}},"_links":{"self":[{"href":"https:\/\/www.ambra.education\/en\/wp-json\/wp\/v2\/pages\/10642","targetHints":{"allow":["GET"]}}],"collection":[{"href":"https:\/\/www.ambra.education\/en\/wp-json\/wp\/v2\/pages"}],"about":[{"href":"https:\/\/www.ambra.education\/en\/wp-json\/wp\/v2\/types\/page"}],"author":[{"embeddable":true,"href":"https:\/\/www.ambra.education\/en\/wp-json\/wp\/v2\/users\/5"}],"replies":[{"embeddable":true,"href":"https:\/\/www.ambra.education\/en\/wp-json\/wp\/v2\/comments?post=10642"}],"version-history":[{"count":4,"href":"https:\/\/www.ambra.education\/en\/wp-json\/wp\/v2\/pages\/10642\/revisions"}],"predecessor-version":[{"id":10646,"href":"https:\/\/www.ambra.education\/en\/wp-json\/wp\/v2\/pages\/10642\/revisions\/10646"}],"wp:featuredmedia":[{"embeddable":true,"href":"https:\/\/www.ambra.education\/en\/wp-json\/wp\/v2\/media\/10637"}],"wp:attachment":[{"href":"https:\/\/www.ambra.education\/en\/wp-json\/wp\/v2\/media?parent=10642"}],"wp:term":[{"taxonomy":"wf_page_folders","embeddable":true,"href":"https:\/\/www.ambra.education\/en\/wp-json\/wp\/v2\/wf_page_folders?post=10642"}],"curies":[{"name":"wp","href":"https:\/\/api.w.org\/{rel}","templated":true}]}}